{"id":4384,"date":"2020-11-19T17:31:25","date_gmt":"2020-11-19T16:31:25","guid":{"rendered":"https:\/\/rmgroup.com\/rmg-datenschutz\/"},"modified":"2024-01-10T15:15:03","modified_gmt":"2024-01-10T14:15:03","slug":"rmg-datenschutz","status":"publish","type":"page","link":"https:\/\/rmgroup.com\/de\/rmg-datenschutz\/","title":{"rendered":"RMG-Datenschutz"},"content":{"rendered":"<p><div class=\"fusion-fullwidth fullwidth-box fusion-builder-row-1 hundred-percent-fullwidth non-hundred-percent-height-scrolling fusion-equal-height-columns\" style=\"--awb-background-position:center bottom;--awb-background-blend-mode:overlay;--awb-border-radius-top-left:0px;--awb-border-radius-top-right:0px;--awb-border-radius-bottom-right:0px;--awb-border-radius-bottom-left:0px;--awb-padding-top:6%;--awb-padding-bottom:6%;--awb-background-color:rgba(133,167,211,0.5);--awb-flex-wrap:wrap;\" ><div class=\"fusion-builder-row fusion-row\"><div class=\"fusion-layout-column fusion_builder_column fusion-builder-column-0 fusion_builder_column_1_1 1_1 fusion-one-full fusion-column-first fusion-column-last\" style=\"--awb-bg-size:cover;\"><div class=\"fusion-column-wrapper fusion-column-has-shadow fusion-flex-column-wrapper-legacy\"><div class=\"fusion-column-content-centered\"><div class=\"fusion-column-content\"><div class=\"fusion-title title fusion-title-1 fusion-sep-none fusion-title-center fusion-title-text fusion-title-size-six\" style=\"--awb-text-color:#ffffff;--awb-margin-top-small:8px;--awb-margin-right-small:0px;--awb-margin-bottom-small:16px;--awb-margin-left-small:0px;\"><h6 class=\"fusion-title-heading title-heading-center fusion-responsive-typography-calculated\" style=\"margin:0;--fontSize:20;--minFontSize:20;line-height:1.72;\">Datenschutzerkl\u00e4rung<\/h6><\/div><div class=\"fusion-title title fusion-title-2 fusion-sep-none fusion-title-center fusion-title-text fusion-title-size-one\" style=\"--awb-text-color:#ffffff;--awb-margin-top-small:8px;--awb-margin-right-small:0px;--awb-margin-bottom-small:16px;--awb-margin-left-small:0px;\"><h1 class=\"fusion-title-heading title-heading-center fusion-responsive-typography-calculated\" style=\"margin:0;--fontSize:70;line-height:1.2;\">RMG THE RISK MANAGEMENT GROUP (SUISSE) SA<\/h1><\/div><\/div><\/div><div class=\"fusion-clearfix\"><\/div><\/div><\/div><\/div><\/div><div class=\"fusion-fullwidth fullwidth-box fusion-builder-row-2 nonhundred-percent-fullwidth non-hundred-percent-height-scrolling\" style=\"--awb-border-radius-top-left:0px;--awb-border-radius-top-right:0px;--awb-border-radius-bottom-right:0px;--awb-border-radius-bottom-left:0px;--awb-flex-wrap:wrap;\" ><div class=\"fusion-builder-row fusion-row\"><div class=\"fusion-layout-column fusion_builder_column fusion-builder-column-1 fusion_builder_column_1_1 1_1 fusion-one-full fusion-column-first fusion-column-last\" style=\"--awb-bg-size:cover;\"><div class=\"fusion-column-wrapper fusion-column-has-shadow fusion-flex-column-wrapper-legacy\"><div class=\"fusion-text fusion-text-1\"><p>Die Risikomanagement-Gruppe (Suisse) S.A. (nachfolgend \u201eRMG\u201c) informiert Sie, dass die Website www.rmgroup.com (nachfolgend die \u201eWebsite\u201c) dem schweizerischen Datenschutzgesetz und insbesondere dem Bundesgesetz \u00fcber den Datenschutz (DSG) untersteht. F\u00fcr Benutzer aus dem Ausland kann unsere Website auch der Datenschutzgesetzgebung eines anderen Landes unterliegen.<\/p>\n<p>RMG misst dem Schutz der Privatsph\u00e4re der Nutzer dieser Website gro\u00dfe Bedeutung bei, weshalb wir im Folgenden unsere Politik zur Verarbeitung personenbezogener Daten auf dieser Website darlegen:<\/p>\n<p>1. Sammlung und Nutzung von Informationen<\/p>\n<p>Um diese Website nutzen zu k\u00f6nnen, kann RMG Sie bitten, uns bestimmte personenbezogene Daten zur Verf\u00fcgung zu stellen, die dazu verwendet werden k\u00f6nnen, Sie zu kontaktieren oder zu identifizieren. Pers\u00f6nlich identifizierbare Informationen k\u00f6nnen unter anderem Ihre E-Mail-Adresse, Ihren Namen, Ihre Telefonnummer, Ihre Postanschrift und andere Informationen umfassen.<\/p>\n<p>2. Datenprotokoll<\/p>\n<p>RMG kann auch Informationen sammeln, die Ihr Browser bei jedem Besuch unserer Website sendet. Dieses Datenprotokoll kann Informationen wie die IP-Adresse Ihres Computers, den Browsertyp, die Browserversion, die Seiten unserer Website, die Sie besuchen, die Uhrzeit und das Datum Ihres Besuchs, die auf diesen Seiten verbrachte Zeit und andere Statistiken enthalten.<\/p>\n<p>3. Cookies<\/p>\n<p>Ein Cookie ist eine Textdatei, die je nach Ihrer Wahl auf einem speziellen Platz auf Ihrer Festplatte (Computer, Tablet, Smartphone usw.) gespeichert werden kann, wenn Sie Ihren Browser verwenden, um einen Online-Dienst zu konsultieren. Sie wird vom Server einer Website an Ihren Browser \u00fcbermittelt. Jedem Cookie wird eine anonyme Kennung zugewiesen. Die Cookie-Datei erm\u00f6glicht es ihrem Absender, das Terminal zu identifizieren, in dem sie w\u00e4hrend der G\u00fcltigkeitsdauer oder Registrierung des betreffenden Cookies gespeichert ist. Ein Cookie kann nicht zu einer Person zur\u00fcckverfolgt werden.<\/p>\n<p>\u2022 Von dieser Website verwendete Cookies: RMG verwendet Sitzungs-Cookies, um die Navigation auf der Website zu erm\u00f6glichen und zu erleichtern, insbesondere durch Speicherung Ihrer w\u00e4hrend Ihrer Sitzung definierten Navigationspr\u00e4ferenzen. Wie unten angegeben, k\u00f6nnen Sie diese Cookies in jedem Fall auch durch eine entsprechende Konfiguration Ihres Browsers ablehnen.<\/p>\n<p>\u2022 Setzen und L\u00f6schen von Cookies: Sie k\u00f6nnen Ihren Browser so einstellen, dass Sie Ihre W\u00fcnsche bez\u00fcglich Cookies jederzeit ausdr\u00fccken und \u00e4ndern k\u00f6nnen. Die Standardeinstellungen von Internet-Browsern sind normalerweise so eingestellt, dass sie Cookies akzeptieren. Sie k\u00f6nnen diese Einstellung \u00e4ndern, indem Sie Ihre Browsereinstellungen \u00e4ndern. Die Konfiguration jedes Browsers ist unterschiedlich. Es wird im Hilfemen\u00fc Ihres Browsers beschrieben, wo Sie erfahren, wie Sie Ihre Cookie-Einstellungen \u00e4ndern k\u00f6nnen.<\/p>\n<p>4. Dienstleistungsanbieter und Dritte<\/p>\n<p>RMG gibt Ihre pers\u00f6nlichen Daten nicht an Dritte weiter. In einigen F\u00e4llen werden pers\u00f6nliche Daten \u00fcber Sie unseren vertrauensw\u00fcrdigen Partnern zur Verf\u00fcgung gestellt, damit wir Ihnen eine Dienstleistung anbieten oder Ihre Benutzerfreundlichkeit verbessern k\u00f6nnen.<\/p>\n<p>RMG arbeitet nur mit Partnern zusammen, die in der Lage sind, ein angemessenes Schutzniveau f\u00fcr Ihre pers\u00f6nlichen Daten zu gew\u00e4hrleisten. RMG gibt Ihre pers\u00f6nlichen Daten an Dritte weiter, wenn dies gesetzlich oder durch Vorladung verlangt wird oder wenn RMG der Ansicht ist, dass eine solche Ma\u00dfnahme notwendig ist, um dem Gesetz und angemessenen Forderungen der Strafverfolgung nachzukommen oder um die Sicherheit oder Integrit\u00e4t unserer Website zu sch\u00fctzen.<\/p>\n<p>5. Kommunikation<\/p>\n<p>RMG kann Ihre pers\u00f6nlichen Daten verwenden, um Sie mit Newslettern, Marketing- oder Werbematerialien und anderen Informationen zu kontaktieren, die f\u00fcr Sie von Interesse sein k\u00f6nnten. Sie k\u00f6nnen sich entscheiden, einige oder alle dieser Mitteilungen nicht zu erhalten, indem Sie uns kontaktieren.<\/p>\n<\/div><div class=\"fusion-clearfix\"><\/div><\/div><\/div><\/div><\/div><\/p>\n","protected":false},"excerpt":{"rendered":"","protected":false},"author":7,"featured_media":0,"parent":0,"menu_order":0,"comment_status":"closed","ping_status":"open","template":"100-width.php","meta":{"footnotes":""},"folder":[22],"class_list":["post-4384","page","type-page","status-publish","hentry"],"yoast_head":"<!-- This site is optimized with the Yoast SEO plugin v27.4 - https:\/\/yoast.com\/product\/yoast-seo-wordpress\/ -->\n<title>RMG-Datenschutz - RMG<\/title>\n<meta name=\"robots\" content=\"index, follow, max-snippet:-1, max-image-preview:large, max-video-preview:-1\" \/>\n<link rel=\"canonical\" href=\"https:\/\/rmgroup.com\/rmg-confidentialite\/\" \/>\n<meta property=\"og:locale\" content=\"de_DE\" \/>\n<meta property=\"og:type\" content=\"article\" \/>\n<meta property=\"og:title\" content=\"RMG-Datenschutz - RMG\" \/>\n<meta property=\"og:url\" content=\"https:\/\/rmgroup.com\/rmg-confidentialite\/\" \/>\n<meta property=\"og:site_name\" content=\"RMG\" \/>\n<meta property=\"article:modified_time\" content=\"2024-01-10T14:15:03+00:00\" \/>\n<meta name=\"twitter:card\" content=\"summary_large_image\" \/>\n<meta name=\"twitter:label1\" content=\"Gesch\u00e4tzte Lesezeit\" \/>\n\t<meta name=\"twitter:data1\" content=\"8\u00a0Minuten\" \/>\n<script type=\"application\/ld+json\" class=\"yoast-schema-graph\">{\"@context\":\"https:\\\/\\\/schema.org\",\"@graph\":[{\"@type\":\"WebPage\",\"@id\":\"https:\\\/\\\/rmgroup.com\\\/rmg-confidentialite\\\/\",\"url\":\"https:\\\/\\\/rmgroup.com\\\/rmg-confidentialite\\\/\",\"name\":\"RMG-Datenschutz - RMG\",\"isPartOf\":{\"@id\":\"https:\\\/\\\/rmgroup.com\\\/#website\"},\"datePublished\":\"2020-11-19T16:31:25+00:00\",\"dateModified\":\"2024-01-10T14:15:03+00:00\",\"breadcrumb\":{\"@id\":\"https:\\\/\\\/rmgroup.com\\\/rmg-confidentialite\\\/#breadcrumb\"},\"inLanguage\":\"de\",\"potentialAction\":[{\"@type\":\"ReadAction\",\"target\":[\"https:\\\/\\\/rmgroup.com\\\/rmg-confidentialite\\\/\"]}]},{\"@type\":\"BreadcrumbList\",\"@id\":\"https:\\\/\\\/rmgroup.com\\\/rmg-confidentialite\\\/#breadcrumb\",\"itemListElement\":[{\"@type\":\"ListItem\",\"position\":1,\"name\":\"Accueil\",\"item\":\"https:\\\/\\\/rmgroup.com\\\/\"},{\"@type\":\"ListItem\",\"position\":2,\"name\":\"RMG-Datenschutz\"}]},{\"@type\":\"WebSite\",\"@id\":\"https:\\\/\\\/rmgroup.com\\\/#website\",\"url\":\"https:\\\/\\\/rmgroup.com\\\/\",\"name\":\"RMG\",\"description\":\"The Risk Management Group\",\"publisher\":{\"@id\":\"https:\\\/\\\/rmgroup.com\\\/#organization\"},\"potentialAction\":[{\"@type\":\"SearchAction\",\"target\":{\"@type\":\"EntryPoint\",\"urlTemplate\":\"https:\\\/\\\/rmgroup.com\\\/?s={search_term_string}\"},\"query-input\":{\"@type\":\"PropertyValueSpecification\",\"valueRequired\":true,\"valueName\":\"search_term_string\"}}],\"inLanguage\":\"de\"},{\"@type\":\"Organization\",\"@id\":\"https:\\\/\\\/rmgroup.com\\\/#organization\",\"name\":\"RMG, THE RISK MANAGEMENT GROUP\",\"url\":\"https:\\\/\\\/rmgroup.com\\\/\",\"logo\":{\"@type\":\"ImageObject\",\"inLanguage\":\"de\",\"@id\":\"https:\\\/\\\/rmgroup.com\\\/#\\\/schema\\\/logo\\\/image\\\/\",\"url\":\"https:\\\/\\\/rmgroup.com\\\/wp-content\\\/uploads\\\/2020\\\/04\\\/logo_rmg_02.png\",\"contentUrl\":\"https:\\\/\\\/rmgroup.com\\\/wp-content\\\/uploads\\\/2020\\\/04\\\/logo_rmg_02.png\",\"width\":439,\"height\":113,\"caption\":\"RMG, THE RISK MANAGEMENT GROUP\"},\"image\":{\"@id\":\"https:\\\/\\\/rmgroup.com\\\/#\\\/schema\\\/logo\\\/image\\\/\"},\"sameAs\":[\"https:\\\/\\\/www.linkedin.com\\\/company\\\/the-risk-management-group\\\/about\\\/\"]}]}<\/script>\n<!-- \/ Yoast SEO plugin. -->","yoast_head_json":{"title":"RMG-Datenschutz - RMG","robots":{"index":"index","follow":"follow","max-snippet":"max-snippet:-1","max-image-preview":"max-image-preview:large","max-video-preview":"max-video-preview:-1"},"canonical":"https:\/\/rmgroup.com\/rmg-confidentialite\/","og_locale":"de_DE","og_type":"article","og_title":"RMG-Datenschutz - RMG","og_url":"https:\/\/rmgroup.com\/rmg-confidentialite\/","og_site_name":"RMG","article_modified_time":"2024-01-10T14:15:03+00:00","twitter_card":"summary_large_image","twitter_misc":{"Gesch\u00e4tzte Lesezeit":"8\u00a0Minuten"},"schema":{"@context":"https:\/\/schema.org","@graph":[{"@type":"WebPage","@id":"https:\/\/rmgroup.com\/rmg-confidentialite\/","url":"https:\/\/rmgroup.com\/rmg-confidentialite\/","name":"RMG-Datenschutz - RMG","isPartOf":{"@id":"https:\/\/rmgroup.com\/#website"},"datePublished":"2020-11-19T16:31:25+00:00","dateModified":"2024-01-10T14:15:03+00:00","breadcrumb":{"@id":"https:\/\/rmgroup.com\/rmg-confidentialite\/#breadcrumb"},"inLanguage":"de","potentialAction":[{"@type":"ReadAction","target":["https:\/\/rmgroup.com\/rmg-confidentialite\/"]}]},{"@type":"BreadcrumbList","@id":"https:\/\/rmgroup.com\/rmg-confidentialite\/#breadcrumb","itemListElement":[{"@type":"ListItem","position":1,"name":"Accueil","item":"https:\/\/rmgroup.com\/"},{"@type":"ListItem","position":2,"name":"RMG-Datenschutz"}]},{"@type":"WebSite","@id":"https:\/\/rmgroup.com\/#website","url":"https:\/\/rmgroup.com\/","name":"RMG","description":"The Risk Management Group","publisher":{"@id":"https:\/\/rmgroup.com\/#organization"},"potentialAction":[{"@type":"SearchAction","target":{"@type":"EntryPoint","urlTemplate":"https:\/\/rmgroup.com\/?s={search_term_string}"},"query-input":{"@type":"PropertyValueSpecification","valueRequired":true,"valueName":"search_term_string"}}],"inLanguage":"de"},{"@type":"Organization","@id":"https:\/\/rmgroup.com\/#organization","name":"RMG, THE RISK MANAGEMENT GROUP","url":"https:\/\/rmgroup.com\/","logo":{"@type":"ImageObject","inLanguage":"de","@id":"https:\/\/rmgroup.com\/#\/schema\/logo\/image\/","url":"https:\/\/rmgroup.com\/wp-content\/uploads\/2020\/04\/logo_rmg_02.png","contentUrl":"https:\/\/rmgroup.com\/wp-content\/uploads\/2020\/04\/logo_rmg_02.png","width":439,"height":113,"caption":"RMG, THE RISK MANAGEMENT GROUP"},"image":{"@id":"https:\/\/rmgroup.com\/#\/schema\/logo\/image\/"},"sameAs":["https:\/\/www.linkedin.com\/company\/the-risk-management-group\/about\/"]}]}},"_links":{"self":[{"href":"https:\/\/rmgroup.com\/de\/wp-json\/wp\/v2\/pages\/4384","targetHints":{"allow":["GET"]}}],"collection":[{"href":"https:\/\/rmgroup.com\/de\/wp-json\/wp\/v2\/pages"}],"about":[{"href":"https:\/\/rmgroup.com\/de\/wp-json\/wp\/v2\/types\/page"}],"author":[{"embeddable":true,"href":"https:\/\/rmgroup.com\/de\/wp-json\/wp\/v2\/users\/7"}],"replies":[{"embeddable":true,"href":"https:\/\/rmgroup.com\/de\/wp-json\/wp\/v2\/comments?post=4384"}],"version-history":[{"count":4,"href":"https:\/\/rmgroup.com\/de\/wp-json\/wp\/v2\/pages\/4384\/revisions"}],"predecessor-version":[{"id":5191,"href":"https:\/\/rmgroup.com\/de\/wp-json\/wp\/v2\/pages\/4384\/revisions\/5191"}],"wp:attachment":[{"href":"https:\/\/rmgroup.com\/de\/wp-json\/wp\/v2\/media?parent=4384"}],"wp:term":[{"taxonomy":"folder","embeddable":true,"href":"https:\/\/rmgroup.com\/de\/wp-json\/wp\/v2\/folder?post=4384"}],"curies":[{"name":"wp","href":"https:\/\/api.w.org\/{rel}","templated":true}]}}